




{"id":3329,"date":"2025-07-31T12:15:41","date_gmt":"2025-07-31T10:15:41","guid":{"rendered":"https:\/\/www.gpsforce.cz\/index.php\/newsletter\/"},"modified":"2025-07-31T14:22:10","modified_gmt":"2025-07-31T12:22:10","slug":"newsletter","status":"publish","type":"page","link":"https:\/\/www.gpsforce.cz\/index.php\/newsletter\/","title":{"rendered":"Novinky"},"content":{"rendered":"\t\t<div data-elementor-type=\"wp-page\" data-elementor-id=\"3329\" class=\"elementor elementor-3329\" data-elementor-post-type=\"page\">\n\t\t\t\t<div class=\"elementor-element elementor-element-27b9e3e0 e-flex e-con-boxed e-con e-parent\" data-id=\"27b9e3e0\" data-element_type=\"container\">\n\t\t\t\t\t<div class=\"e-con-inner\">\n\t\t\t\t<div class=\"elementor-element elementor-element-78f882a1 elementor-widget elementor-widget-text-editor\" data-id=\"78f882a1\" data-element_type=\"widget\" data-settings=\"{&quot;wdt_animation_effect&quot;:&quot;none&quot;}\" data-widget_type=\"text-editor.default\">\n\t\t\t\t\t\t\t\t\t<p style=\"text-align: center;\"><div class=\"tnp tnp-subscription \">\n<form method=\"post\" action=\"https:\/\/www.gpsforce.cz\/wp-admin\/admin-ajax.php?action=tnp&amp;na=s\">\n<input type=\"hidden\" name=\"nlang\" value=\"\">\n<div class=\"tnp-field tnp-field-firstname\"><label for=\"tnp-1\">Jm\u00e9no<\/label>\n<input class=\"tnp-name\" type=\"text\" name=\"nn\" id=\"tnp-1\" value=\"\" placeholder=\"\"><\/div>\n<div class=\"tnp-field tnp-field-surname\"><label for=\"tnp-2\">P\u0159\u00edjmen\u00ed<\/label>\n<input class=\"tnp-surname\" type=\"text\" name=\"ns\" id=\"tnp-2\" value=\"\" placeholder=\"\"><\/div><div class=\"tnp-field tnp-field-email\"><label for=\"tnp-3\">E-mail<\/label>\n<input class=\"tnp-email\" type=\"email\" name=\"ne\" id=\"tnp-3\" value=\"\" placeholder=\"\" required><\/div>\n<div class=\"tnp-field tnp-field-button\" style=\"text-align: left\"><input class=\"tnp-submit\" type=\"submit\" value=\"Odeb\u00edrat\" style=\"\">\n<\/div>\n<\/form>\n<\/div>\n<\/p>\n\n<p>\u00a0<\/p>\n\t\t\t\t\t\t\t\t<\/div>\n\t\t\t\t\t<\/div>\n\t\t\t\t<\/div>\n\t\t\t\t<\/div>\n\t\t","protected":false},"excerpt":{"rendered":"<p>\u00a0<\/p>\n","protected":false},"author":1,"featured_media":0,"parent":0,"menu_order":0,"comment_status":"closed","ping_status":"closed","template":"","meta":{"_monsterinsights_skip_tracking":false,"_monsterinsights_sitenote_active":false,"_monsterinsights_sitenote_note":"","_monsterinsights_sitenote_category":0,"footnotes":""},"class_list":["post-3329","page","type-page","status-publish","hentry"],"aioseo_notices":[],"_links":{"self":[{"href":"https:\/\/www.gpsforce.cz\/index.php\/wp-json\/wp\/v2\/pages\/3329","targetHints":{"allow":["GET"]}}],"collection":[{"href":"https:\/\/www.gpsforce.cz\/index.php\/wp-json\/wp\/v2\/pages"}],"about":[{"href":"https:\/\/www.gpsforce.cz\/index.php\/wp-json\/wp\/v2\/types\/page"}],"author":[{"embeddable":true,"href":"https:\/\/www.gpsforce.cz\/index.php\/wp-json\/wp\/v2\/users\/1"}],"replies":[{"embeddable":true,"href":"https:\/\/www.gpsforce.cz\/index.php\/wp-json\/wp\/v2\/comments?post=3329"}],"version-history":[{"count":5,"href":"https:\/\/www.gpsforce.cz\/index.php\/wp-json\/wp\/v2\/pages\/3329\/revisions"}],"predecessor-version":[{"id":3338,"href":"https:\/\/www.gpsforce.cz\/index.php\/wp-json\/wp\/v2\/pages\/3329\/revisions\/3338"}],"wp:attachment":[{"href":"https:\/\/www.gpsforce.cz\/index.php\/wp-json\/wp\/v2\/media?parent=3329"}],"curies":[{"name":"wp","href":"https:\/\/api.w.org\/{rel}","templated":true}]}}